{"id":2206,"date":"2016-03-08T08:48:48","date_gmt":"2016-03-08T08:48:48","guid":{"rendered":"http:\/\/www.coalitionat.qc.ca\/home\/"},"modified":"2021-06-22T15:13:50","modified_gmt":"2021-06-22T15:13:50","slug":"home","status":"publish","type":"page","link":"https:\/\/coalitionat.qc.ca\/en\/","title":{"rendered":"Home"},"content":{"rendered":"<section class=\"wpb-content-wrapper\"><p>[vc_row full_width=&#8221;stretch_row&#8221; css=&#8221;.vc_custom_1506697800157{padding-top: 150px !important;padding-bottom: 100px !important;background-image: url(http:\/\/coalitionat.qc.ca\/wp-content\/uploads\/2016\/09\/bandeau-13.jpg?id=1667) !important;background-position: center !important;background-repeat: no-repeat !important;background-size: cover !important;}&#8221; el_id=&#8221;hero&#8221;][vc_column width=&#8221;1\/2&#8243;][vc_column_text]<\/p>\n<h1 style=\"line-height: 100%;\"><span style=\"color: #ffffff;\">Respect for all<\/span><\/h1>\n<p style=\"color: #ffffff; max-width: 600px;\">Together for the well-being of LGBT people.<\/p>\n<p>[\/vc_column_text][\/vc_column][vc_column width=&#8221;1\/2&#8243;][\/vc_column][\/vc_row][vc_row full_width=&#8221;stretch_row_content_no_spaces&#8221; el_class=&#8221;featured-links&#8221;][vc_column width=&#8221;1\/3&#8243; el_class=&#8221;featured-link&#8221;]<a href=\"https:\/\/www.coalitionat.qc.ca\/en\/become-a-member\/\"  class=\"featured-link\" style=\"background:; color:#404041;\">\n        \t<span>Participate<\/span>\n        \t<strong>Become a member<\/strong><\/a>[\/vc_column][vc_column width=&#8221;1\/3&#8243; el_class=&#8221;featured-link&#8221;]<a href=\"https:\/\/www.coalitionat.qc.ca\/en\/assistance-resources\/\"  class=\"featured-link\" style=\"background:; color:#404041;\">\n        \t<span>A PROBLEM?<\/span>\n        \t<strong>Assistance resources<\/strong><\/a>[\/vc_column][vc_column width=&#8221;1\/3&#8243; el_class=&#8221;featured-link&#8221;]<a href=\"https:\/\/www.coalitionat.qc.ca\/en\/contact-us\/\"  class=\"featured-link\" style=\"background:; color:#404041;\">\n        \t<span>GOT A QUESTION?<\/span>\n        \t<strong>Contact us<\/strong><\/a>[\/vc_column][\/vc_row][vc_row full_width=&#8221;stretch_row&#8221; css=&#8221;.vc_custom_1575528945528{background-color: #fcfcfc !important;}&#8221;][vc_column][vc_column_text]<\/p>\n<h2 style=\"text-align: center;\">About us<\/h2>\n<h6 style=\"text-align: center;\">SEXUAL DIVERSITY COALITION OF ABITIBI-TEMISCAMINGUE<\/h6>\n<p style=\"text-align: center; max-width: 600px; margin-left: auto; margin-right: auto;\">Grouping of people wanting to make a difference for LGBT people in A.T. providing support and training for all those who want to learn more.<\/p>\n<p>[\/vc_column_text][vc_empty_space height=&#8221;20px&#8221;][vc_column_text]<\/p>\n<p style=\"text-align: center;\"><a class=\"btn btn-primary\" href=\"https:\/\/coalitionat.qc.ca\/en\/the-coalition\/\">LEARN MORE<\/a><\/p>\n<p>[\/vc_column_text][vc_empty_space height=&#8221;10px&#8221;][\/vc_column][\/vc_row][vc_row full_width=&#8221;stretch_row&#8221; css=&#8221;.vc_custom_1507905426000{background-color: #f2f2f2 !important;}&#8221;][vc_column width=&#8221;1\/2&#8243; el_class=&#8221;colDroits&#8221;][vc_empty_space height=&#8221;20px&#8221;][vc_column_text]<a href=\"https:\/\/www.coalitionat.qc.ca\/wp-content\/uploads\/2019\/12\/title-i-have-my-rights.png\"><img loading=\"lazy\" decoding=\"async\" class=\"aligncenter wp-image-3428 size-medium\" src=\"https:\/\/www.coalitionat.qc.ca\/wp-content\/uploads\/2019\/12\/title-i-have-my-rights-300x133.png\" alt=\"I have my rights\" width=\"300\" height=\"133\" \/><\/a><\/p>\n<p style=\"text-align: center;\">Your organization offers services only for men, only for women or divides services by gender (dormitories, units), this project might interest you. View the picture we have of the needs and strengths of organizations in the inclusion of people of sexual diversity in the region. Training is now available for a limited time.<\/p>\n<p style=\"text-align: center;\"><a class=\"btn btn-primary\" href=\"https:\/\/coalitionat.qc.ca\/en\/formation\/#1575465195365-6a7c095d-25cc\">Click here<\/a><\/p>\n<p>[\/vc_column_text][vc_empty_space height=&#8221;40px&#8221;][\/vc_column][vc_column width=&#8221;1\/2&#8243; el_class=&#8221;colEtreUnique&#8221;][vc_empty_space height=&#8221;93px&#8221; el_class=&#8221;spAccueilEtreUnique&#8221;][vc_column_text]<\/p>\n<h2 class=\"linktoint\" style=\"text-align: center;\">Being Yourself Is Awesome!<\/h2>\n<p style=\"text-align: center;\">Animation of an awareness workshop on bullying and gender stereotypes for 6 to 9 years old, by reading the &#8220;Be unique is awesome&#8221; youth album, written and edited by the Coalition in collaboration with the author Marie Pier Giasson.<\/p>\n<p style=\"text-align: center;\"><a class=\"btn btn-primary\" href=\"https:\/\/coalitionat.qc.ca\/en\/formation\/#1575466277292-f7778c0a-d44e\">Click here<\/a><\/p>\n<p>[\/vc_column_text][\/vc_column][\/vc_row][vc_row full_width=&#8221;stretch_row_content_no_spaces&#8221; el_class=&#8221;featured-texts row&#8221;][vc_column width=&#8221;1\/3&#8243;]<div class=\"featured-text\" style=\"height: 127px;\">\n\t\t\t\t\t\t\t\t\t\t\t<span>Sensitized people in 2020-2022<\/span>\n\t\t\t\t\t\t\t\t\t\t\t<strong>Over 3700<\/strong>\n\t\t\t\t\t\t\t\t\t\t\t<\/div>[\/vc_column][vc_column width=&#8221;1\/3&#8243;]<div class=\"featured-text\" style=\"height: 127px;\">\n\t\t\t\t\t\t\t\t\t\t\t<span>Organizations displaying their openness:<\/span>\n\t\t\t\t\t\t\t\t\t\t\t<strong>More than 130 organizations displayed the rainbow flag on May 17, 2019<\/strong>\n\t\t\t\t\t\t\t\t\t\t\t<\/div>[\/vc_column][vc_column width=&#8221;1\/3&#8243;]<div class=\"featured-text\" style=\"height: 127px;\">\n\t\t\t\t\t\t\t\t\t\t\t<span>MEMBERS<\/span>\n\t\t\t\t\t\t\t\t\t\t\t<strong>80<\/strong>\n\t\t\t\t\t\t\t\t\t\t\t<\/div>[\/vc_column][\/vc_row][vc_row full_width=&#8221;stretch_row_content&#8221; equal_height=&#8221;yes&#8221; parallax=&#8221;content-moving&#8221; parallax_image=&#8221;706&#8243;][vc_column width=&#8221;1\/2&#8243; css=&#8221;.vc_custom_1472069106054{background-color: #ffffff !important;}&#8221;][vc_empty_space][vc_row_inner][vc_column_inner width=&#8221;1\/6&#8243;][\/vc_column_inner][vc_column_inner width=&#8221;4\/6&#8243;][vc_column_text]<\/p>\n<h2 class=\"block-title\">Events<\/h2>\n<p>[\/vc_column_text][vc_empty_space height=&#8221;20px&#8221;]<ul class=\"events-compact-list\"><\/ul>[\/vc_column_inner][vc_column_inner width=&#8221;1\/6&#8243;][\/vc_column_inner][\/vc_row_inner][vc_empty_space height=&#8221;52px&#8221;][\/vc_column][vc_column width=&#8221;1\/2&#8243; offset=&#8221;vc_hidden-sm vc_hidden-xs&#8221; css=&#8221;.vc_custom_1513520625150{background-image: url(http:\/\/www.coalitionat.qc.ca\/wp-content\/uploads\/2016\/08\/lgbt-evenements.jpg?id=737) !important;}&#8221;][\/vc_column][\/vc_row][vc_row full_width=&#8221;stretch_row&#8221; parallax=&#8221;content-moving&#8221; parallax_image=&#8221;736&#8243; parallax_speed_bg=&#8221;2&#8243; el_class=&#8221;text-align-center padding-tb100&#8243; css=&#8221;.vc_custom_1472829176905{background-position: center;background-repeat: no-repeat;background-size:cover !important;}&#8221;][vc_column][vc_column_text]<\/p>\n<h2><span style=\"color: #ffffff;\">Inclusion Equality Respect<br \/>\nSolidarity Freedom of expression<\/span><\/h2>\n<p>[\/vc_column_text][\/vc_column][\/vc_row][vc_row css=&#8221;.vc_custom_1474482728584{padding-bottom: 20px !important;}&#8221;][vc_column width=&#8221;1\/4&#8243;][vc_column_text]<\/p>\n<h4 class=\"push-top\">OUR PARTNERS<br \/>\nIN THE ACTION<\/h4>\n<p>[\/vc_column_text][\/vc_column][vc_column width=&#8221;3\/4&#8243;][vc_row_inner equal_height=&#8221;yes&#8221; content_placement=&#8221;middle&#8221;][vc_column_inner width=&#8221;1\/3&#8243;][vc_single_image image=&#8221;905&#8243; img_size=&#8221;medium&#8221;][\/vc_column_inner][vc_column_inner width=&#8221;1\/3&#8243;][vc_single_image image=&#8221;895&#8243; img_size=&#8221;medium&#8221; alignment=&#8221;center&#8221;][\/vc_column_inner][vc_column_inner width=&#8221;1\/3&#8243;][vc_single_image image=&#8221;894&#8243; img_size=&#8221;medium&#8221;][\/vc_column_inner][\/vc_row_inner][\/vc_column][\/vc_row][vc_row full_width=&#8221;stretch_row&#8221; disable_element=&#8221;yes&#8221; el_class=&#8221;accent-bg&#8221;][vc_column][vc_empty_space][vc_column_text]<\/p>\n<h4 style=\"text-align: center;\"><span style=\"color: #ffffff;\">RESTEZ \u00c0 L\u2019AFF\u00dbT DES \u00c9V\u00c8NEMENTS ET DE NOS ACTUALIT\u00c9S<\/span><\/h4>\n<p style=\"text-align: center;\"><a class=\"btn btn-primary btn-infolettre\" href=\"#\">Infolettre<\/a><\/p>\n<p>[\/vc_column_text][\/vc_column][\/vc_row]<\/p>\n<\/section>","protected":false},"excerpt":{"rendered":"<p>[vc_row full_width=&#8221;stretch_row&#8221; css=&#8221;.vc_custom_1506697800157{padding-top: 150px !important;padding-bottom: 100px !important;background-image: url(http:\/\/coalitionat.qc.ca\/wp-content\/uploads\/2016\/09\/bandeau-13.jpg?id=1667) !important;background-position: center !important;background-repeat: no-repeat !important;background-size: cover !important;}&#8221; el_id=&#8221;hero&#8221;][vc_column width=&#8221;1\/2&#8243;][vc_column_text] Respect for all Together for the well-being of LGBT people. [\/vc_column_text][\/vc_column][vc_column width=&#8221;1\/2&#8243;][\/vc_column][\/vc_row][vc_row full_width=&#8221;stretch_row_content_no_spaces&#8221; el_class=&#8221;featured-links&#8221;][vc_column width=&#8221;1\/3&#8243; el_class=&#8221;featured-link&#8221;][\/vc_column][vc_column width=&#8221;1\/3&#8243; el_class=&#8221;featured-link&#8221;][\/vc_column][vc_column width=&#8221;1\/3&#8243; el_class=&#8221;featured-link&#8221;][\/vc_column][\/vc_row][vc_row full_width=&#8221;stretch_row&#8221; css=&#8221;.vc_custom_1575528945528{background-color: #fcfcfc !important;}&#8221;][vc_column][vc_column_text] About us SEXUAL DIVERSITY COALITION OF ABITIBI-TEMISCAMINGUE Grouping of people wanting to make a difference for LGBT people in A.T. providing support and training for all those who want to learn more. [\/vc_column_text][vc_empty_space height=&#8221;20px&#8221;][vc_column_text] LEARN MORE [\/vc_column_text][vc_empty_space height=&#8221;10px&#8221;][\/vc_column][\/vc_row][vc_row full_width=&#8221;stretch_row&#8221; css=&#8221;.vc_custom_1507905426000{background-color: #f2f2f2 !important;}&#8221;][vc_column width=&#8221;1\/2&#8243; el_class=&#8221;colDroits&#8221;][vc_empty_space height=&#8221;20px&#8221;][vc_column_text] Your organization offers services only for men, only for women or divides services by gender (dormitories, units), this project might interest you. View the picture we have of the needs and strengths of organizations in the inclusion of people of sexual diversity in the region. Training is now available for a limited time. Click here [\/vc_column_text][vc_empty_space height=&#8221;40px&#8221;][\/vc_column][vc_column width=&#8221;1\/2&#8243; el_class=&#8221;colEtreUnique&#8221;][vc_empty_space height=&#8221;93px&#8221; el_class=&#8221;spAccueilEtreUnique&#8221;][vc_column_text] Being Yourself Is Awesome! Animation of an awareness workshop on bullying and gender stereotypes for 6 to 9 years old, by reading the &#8220;Be unique is awesome&#8221; youth album, written and edited by the Coalition in collaboration with the author Marie Pier Giasson. Click here [\/vc_column_text][\/vc_column][\/vc_row][vc_row full_width=&#8221;stretch_row_content_no_spaces&#8221; el_class=&#8221;featured-texts row&#8221;][vc_column width=&#8221;1\/3&#8243;][\/vc_column][vc_column width=&#8221;1\/3&#8243;][\/vc_column][vc_column width=&#8221;1\/3&#8243;][\/vc_column][\/vc_row][vc_row full_width=&#8221;stretch_row_content&#8221; equal_height=&#8221;yes&#8221; parallax=&#8221;content-moving&#8221; parallax_image=&#8221;706&#8243;][vc_column width=&#8221;1\/2&#8243; css=&#8221;.vc_custom_1472069106054{background-color: #ffffff !important;}&#8221;][vc_empty_space][vc_row_inner][vc_column_inner width=&#8221;1\/6&#8243;][\/vc_column_inner][vc_column_inner width=&#8221;4\/6&#8243;][vc_column_text] Events [\/vc_column_text][vc_empty_space height=&#8221;20px&#8221;][\/vc_column_inner][vc_column_inner width=&#8221;1\/6&#8243;][\/vc_column_inner][\/vc_row_inner][vc_empty_space height=&#8221;52px&#8221;][\/vc_column][vc_column width=&#8221;1\/2&#8243; offset=&#8221;vc_hidden-sm vc_hidden-xs&#8221; css=&#8221;.vc_custom_1513520625150{background-image: url(http:\/\/www.coalitionat.qc.ca\/wp-content\/uploads\/2016\/08\/lgbt-evenements.jpg?id=737) !important;}&#8221;][\/vc_column][\/vc_row][vc_row full_width=&#8221;stretch_row&#8221; parallax=&#8221;content-moving&#8221; parallax_image=&#8221;736&#8243; parallax_speed_bg=&#8221;2&#8243; el_class=&#8221;text-align-center padding-tb100&#8243; css=&#8221;.vc_custom_1472829176905{background-position: center;background-repeat: no-repeat;background-size:cover !important;}&#8221;][vc_column][vc_column_text] Inclusion Equality Respect Solidarity Freedom of expression [\/vc_column_text][\/vc_column][\/vc_row][vc_row css=&#8221;.vc_custom_1474482728584{padding-bottom: 20px !important;}&#8221;][vc_column width=&#8221;1\/4&#8243;][vc_column_text] OUR PARTNERS IN THE ACTION [\/vc_column_text][\/vc_column][vc_column width=&#8221;3\/4&#8243;][vc_row_inner equal_height=&#8221;yes&#8221; content_placement=&#8221;middle&#8221;][vc_column_inner width=&#8221;1\/3&#8243;][vc_single_image image=&#8221;905&#8243; img_size=&#8221;medium&#8221;][\/vc_column_inner][vc_column_inner width=&#8221;1\/3&#8243;][vc_single_image image=&#8221;895&#8243; img_size=&#8221;medium&#8221; alignment=&#8221;center&#8221;][\/vc_column_inner][vc_column_inner width=&#8221;1\/3&#8243;][vc_single_image image=&#8221;894&#8243; img_size=&#8221;medium&#8221;][\/vc_column_inner][\/vc_row_inner][\/vc_column][\/vc_row][vc_row full_width=&#8221;stretch_row&#8221; disable_element=&#8221;yes&#8221; el_class=&#8221;accent-bg&#8221;][vc_column][vc_empty_space][vc_column_text] RESTEZ \u00c0 L\u2019AFF\u00dbT DES \u00c9V\u00c8NEMENTS ET DE NOS ACTUALIT\u00c9S Infolettre [\/vc_column_text][\/vc_column][\/vc_row]<\/p>\n","protected":false},"author":1,"featured_media":3064,"parent":0,"menu_order":0,"comment_status":"closed","ping_status":"closed","template":"","meta":{"inline_featured_image":false,"footnotes":""},"class_list":["post-2206","page","type-page","status-publish","has-post-thumbnail","hentry"],"aioseo_notices":[],"_links":{"self":[{"href":"https:\/\/coalitionat.qc.ca\/en\/wp-json\/wp\/v2\/pages\/2206","targetHints":{"allow":["GET"]}}],"collection":[{"href":"https:\/\/coalitionat.qc.ca\/en\/wp-json\/wp\/v2\/pages"}],"about":[{"href":"https:\/\/coalitionat.qc.ca\/en\/wp-json\/wp\/v2\/types\/page"}],"author":[{"embeddable":true,"href":"https:\/\/coalitionat.qc.ca\/en\/wp-json\/wp\/v2\/users\/1"}],"replies":[{"embeddable":true,"href":"https:\/\/coalitionat.qc.ca\/en\/wp-json\/wp\/v2\/comments?post=2206"}],"version-history":[{"count":0,"href":"https:\/\/coalitionat.qc.ca\/en\/wp-json\/wp\/v2\/pages\/2206\/revisions"}],"wp:featuredmedia":[{"embeddable":true,"href":"https:\/\/coalitionat.qc.ca\/en\/wp-json\/wp\/v2\/media\/3064"}],"wp:attachment":[{"href":"https:\/\/coalitionat.qc.ca\/en\/wp-json\/wp\/v2\/media?parent=2206"}],"curies":[{"name":"wp","href":"https:\/\/api.w.org\/{rel}","templated":true}]}}