{"id":2223,"date":"2016-09-27T11:02:04","date_gmt":"2016-09-27T15:02:04","guid":{"rendered":"http:\/\/www.coalitionat.qc.ca\/dossier-de-presse\/"},"modified":"2018-05-04T11:57:00","modified_gmt":"2018-05-04T15:57:00","slug":"press-pack","status":"publish","type":"page","link":"https:\/\/coalitionat.qc.ca\/en\/press-pack\/","title":{"rendered":"Press Pack"},"content":{"rendered":"<section class=\"wpb-content-wrapper\"><p>[vc_row][vc_column]<div class=\"content-block\"><div class=\"blog-list-item format-standard\">\n                        \t<div class=\"row\"><div class=\"col-md-4 col-sm-4\">\n                       \t\t<a href=\"https:\/\/coalitionat.qc.ca\/en\/presse-en\/premiere-edition-du-salon-sante-bien-etre-diversite\/\" class=\"media-box grid-featured-img\">\n                           \t\t<img loading=\"lazy\" decoding=\"async\" width=\"800\" height=\"533\" src=\"https:\/\/coalitionat.qc.ca\/wp-content\/uploads\/2018\/03\/Pierre-Lavoie.jpg\" class=\"attachment-full\" alt=\"\" title=\"Pierre Lavoie\" srcset=\"https:\/\/coalitionat.qc.ca\/wp-content\/uploads\/2018\/03\/Pierre-Lavoie.jpg 800w, https:\/\/coalitionat.qc.ca\/wp-content\/uploads\/2018\/03\/Pierre-Lavoie-300x200.jpg 300w, https:\/\/coalitionat.qc.ca\/wp-content\/uploads\/2018\/03\/Pierre-Lavoie-768x512.jpg 768w, https:\/\/coalitionat.qc.ca\/wp-content\/uploads\/2018\/03\/Pierre-Lavoie-600x400.jpg 600w\" sizes=\"auto, (max-width: 800px) 100vw, 800px\" \/>\n                            <\/a>\n                      \t<\/div>\n\t\t\t\t\t\t<div class=\"col-md-8 col-sm-8\"><h3><a href=\"https:\/\/coalitionat.qc.ca\/en\/presse-en\/premiere-edition-du-salon-sante-bien-etre-diversite\/\">Premi\u00e8re \u00e9dition du Salon sant\u00e9, bien-\u00eatre, diversit\u00e9<\/a><\/h3><div class=\"meta-data grid-item-meta full-meta-data\"><i class=\"fa fa-calendar\"><\/i> 6 March 2018<i class=\"fa fa-pencil\"><\/i> <a href=\"https:\/\/coalitionat.qc.ca\/en\/author\/coalition\/\">coalitionat.qc.ca<\/a><i class=\"fa fa-folder\"><\/i> <a href=\"https:\/\/coalitionat.qc.ca\/en\/category\/presse-en\/\" class=\"category-links-custom\">Presse<\/a><\/div><div class=\"grid-item-excerpt\"><section class=\"wpb-content-wrapper\"><p>[vc_row][vc_column][vc_column_text]<a class=\"btn btn-primary\" href=\"https:\/\/www.lafrontiere.ca\/communaute\/2017\/10\/20\/premiere-edition-du-salon-sante--bien-etre--diversite.html\" target=\"_blank\" rel=\"noopener\">Voir l&#8217;article dans La Fronti\u00e8re<\/a>[\/vc_column_text][\/vc_column][\/vc_row]<\/p>\n<\/section><\/div>\n\t\t\t\t\t\t<a href=\"https:\/\/coalitionat.qc.ca\/en\/presse-en\/premiere-edition-du-salon-sante-bien-etre-diversite\/\" class=\"basic-link\">Read more<\/a>\n\t\t\t\t\t<\/div>\n\t\t\t\t<\/div>\n\t\t\t<\/div><div class=\"blog-list-item format-standard\">\n                        \t<div class=\"row\"><div class=\"col-md-4 col-sm-4\">\n                       \t\t<a href=\"https:\/\/coalitionat.qc.ca\/en\/presse-en\/deux-nominations-au-gala-arc-en-ciel\/\" class=\"media-box grid-featured-img\">\n                           \t\t<img loading=\"lazy\" decoding=\"async\" width=\"600\" height=\"300\" src=\"https:\/\/coalitionat.qc.ca\/wp-content\/uploads\/2016\/09\/presse-1-2.jpg\" class=\"attachment-full\" alt=\"\" title=\"presse-1-2\" srcset=\"https:\/\/coalitionat.qc.ca\/wp-content\/uploads\/2016\/09\/presse-1-2.jpg 600w, https:\/\/coalitionat.qc.ca\/wp-content\/uploads\/2016\/09\/presse-1-2-300x150.jpg 300w\" sizes=\"auto, (max-width: 600px) 100vw, 600px\" \/>\n                            <\/a>\n                      \t<\/div>\n\t\t\t\t\t\t<div class=\"col-md-8 col-sm-8\"><h3><a href=\"https:\/\/coalitionat.qc.ca\/en\/presse-en\/deux-nominations-au-gala-arc-en-ciel\/\">Deux nominations au Gala Arc-en-ciel<\/a><\/h3><div class=\"meta-data grid-item-meta full-meta-data\"><i class=\"fa fa-calendar\"><\/i> 6 March 2018<i class=\"fa fa-pencil\"><\/i> <a href=\"https:\/\/coalitionat.qc.ca\/en\/author\/coalition\/\">coalitionat.qc.ca<\/a><i class=\"fa fa-folder\"><\/i> <a href=\"https:\/\/coalitionat.qc.ca\/en\/category\/presse-en\/\" class=\"category-links-custom\">Presse<\/a><\/div><div class=\"grid-item-excerpt\"><section class=\"wpb-content-wrapper\"><p>[vc_row][vc_column][vc_column_text]<a class=\"btn btn-primary\" href=\"http:\/\/ici.radio-canada.ca\/nouvelle\/1061419\/diversite-sexuelle-lgbt-qc-abitibi-temiscamingue-arc-en-ciel\" target=\"_blank\" rel=\"noopener\">Voir l&#8217;article sur Radio-Canada<\/a>[\/vc_column_text][\/vc_column][\/vc_row]<\/p>\n<\/section><\/div>\n\t\t\t\t\t\t<a href=\"https:\/\/coalitionat.qc.ca\/en\/presse-en\/deux-nominations-au-gala-arc-en-ciel\/\" class=\"basic-link\">Read more<\/a>\n\t\t\t\t\t<\/div>\n\t\t\t\t<\/div>\n\t\t\t<\/div><div class=\"blog-list-item format-standard\">\n                        \t<div class=\"row\"><div class=\"col-md-4 col-sm-4\">\n                       \t\t<a href=\"https:\/\/coalitionat.qc.ca\/en\/presse-en\/httpswww-lafrontiere-caactualites201826un-party-contre-lintimidation-html\/\" class=\"media-box grid-featured-img\">\n                           \t\t<img loading=\"lazy\" decoding=\"async\" width=\"800\" height=\"533\" src=\"https:\/\/coalitionat.qc.ca\/wp-content\/uploads\/2018\/03\/image-party-contre-lintimidation.jpg\" class=\"attachment-full\" alt=\"\" title=\"image party contre lintimidation\" srcset=\"https:\/\/coalitionat.qc.ca\/wp-content\/uploads\/2018\/03\/image-party-contre-lintimidation.jpg 800w, https:\/\/coalitionat.qc.ca\/wp-content\/uploads\/2018\/03\/image-party-contre-lintimidation-300x200.jpg 300w, https:\/\/coalitionat.qc.ca\/wp-content\/uploads\/2018\/03\/image-party-contre-lintimidation-768x512.jpg 768w, https:\/\/coalitionat.qc.ca\/wp-content\/uploads\/2018\/03\/image-party-contre-lintimidation-600x400.jpg 600w\" sizes=\"auto, (max-width: 800px) 100vw, 800px\" \/>\n                            <\/a>\n                      \t<\/div>\n\t\t\t\t\t\t<div class=\"col-md-8 col-sm-8\"><h3><a href=\"https:\/\/coalitionat.qc.ca\/en\/presse-en\/httpswww-lafrontiere-caactualites201826un-party-contre-lintimidation-html\/\">Un party contre l&#8217;intimidation<\/a><\/h3><div class=\"meta-data grid-item-meta full-meta-data\"><i class=\"fa fa-calendar\"><\/i> 6 March 2018<i class=\"fa fa-pencil\"><\/i> <a href=\"https:\/\/coalitionat.qc.ca\/en\/author\/coalition\/\">coalitionat.qc.ca<\/a><i class=\"fa fa-folder\"><\/i> <a href=\"https:\/\/coalitionat.qc.ca\/en\/category\/presse-en\/\" class=\"category-links-custom\">Presse<\/a><\/div><div class=\"grid-item-excerpt\"><section class=\"wpb-content-wrapper\"><p>[vc_row][vc_column][vc_column_text]<a class=\"btn btn-primary\" href=\"https:\/\/www.lafrontiere.ca\/actualites\/2018\/2\/6\/un-party-contre-lintimidation.html\" target=\"_blank\" rel=\"noopener\">Voir l&#8217;article dans La Fronti\u00e8re<\/a>[\/vc_column_text][\/vc_column][\/vc_row]<\/p>\n<\/section><\/div>\n\t\t\t\t\t\t<a href=\"https:\/\/coalitionat.qc.ca\/en\/presse-en\/httpswww-lafrontiere-caactualites201826un-party-contre-lintimidation-html\/\" class=\"basic-link\">Read more<\/a>\n\t\t\t\t\t<\/div>\n\t\t\t\t<\/div>\n\t\t\t<\/div><div class=\"blog-list-item format-standard\">\n                        \t<div class=\"row\"><div class=\"col-md-4 col-sm-4\">\n                       \t\t<a href=\"https:\/\/coalitionat.qc.ca\/en\/uncategorized\/httpwww-lechoabitibien-caactualitessociete20161018pikogan-honore-pour-sa-lutte-contre-l-homophobie-html\/\" class=\"media-box grid-featured-img\">\n                           \t\t<img loading=\"lazy\" decoding=\"async\" width=\"566\" height=\"410\" src=\"https:\/\/coalitionat.qc.ca\/wp-content\/uploads\/2016\/10\/pikogan-gala-arc-en-ciel.jpg\" class=\"attachment-full\" alt=\"\" title=\"pikogan-gala-arc-en-ciel\" srcset=\"https:\/\/coalitionat.qc.ca\/wp-content\/uploads\/2016\/10\/pikogan-gala-arc-en-ciel.jpg 566w, https:\/\/coalitionat.qc.ca\/wp-content\/uploads\/2016\/10\/pikogan-gala-arc-en-ciel-300x217.jpg 300w\" sizes=\"auto, (max-width: 566px) 100vw, 566px\" \/>\n                            <\/a>\n                      \t<\/div>\n\t\t\t\t\t\t<div class=\"col-md-8 col-sm-8\"><h3><a href=\"https:\/\/coalitionat.qc.ca\/en\/uncategorized\/httpwww-lechoabitibien-caactualitessociete20161018pikogan-honore-pour-sa-lutte-contre-l-homophobie-html\/\">Pikogan honor\u00e9 pour sa lutte contre l&#8217;homophobie<\/a><\/h3><div class=\"meta-data grid-item-meta full-meta-data\"><i class=\"fa fa-calendar\"><\/i> 20 October 2016<i class=\"fa fa-pencil\"><\/i> <a href=\"https:\/\/coalitionat.qc.ca\/en\/author\/coalition\/\">coalitionat.qc.ca<\/a><i class=\"fa fa-folder\"><\/i> <a href=\"https:\/\/coalitionat.qc.ca\/en\/category\/uncategorized\/\" class=\"category-links-custom\">Uncategorized<\/a><\/div><div class=\"grid-item-excerpt\"><section class=\"wpb-content-wrapper\"><p>[vc_row][vc_column][vc_column_text]<a class=\"btn btn-primary\" href=\"http:\/\/www.lechoabitibien.ca\/actualites\/societe\/2016\/10\/18\/pikogan-honore-pour-sa-lutte-contre-l-homophobie.html\" target=\"_blank\">Voir l&#8217;article sur Radio Canada<\/a>[\/vc_column_text][\/vc_column][\/vc_row]<\/p>\n<\/section><\/div>\n\t\t\t\t\t\t<a href=\"https:\/\/coalitionat.qc.ca\/en\/uncategorized\/httpwww-lechoabitibien-caactualitessociete20161018pikogan-honore-pour-sa-lutte-contre-l-homophobie-html\/\" class=\"basic-link\">Read more<\/a>\n\t\t\t\t\t<\/div>\n\t\t\t\t<\/div>\n\t\t\t<\/div><div class=\"blog-list-item format-standard\">\n                        \t<div class=\"row\"><div class=\"col-md-4 col-sm-4\">\n                       \t\t<a href=\"https:\/\/coalitionat.qc.ca\/en\/presse-en\/inclusion-des-identites-et-orientations-sexuelles-du-progres-mais-encore-du-travail-a-faire-en-abitibi-temiscamingue\/\" class=\"media-box grid-featured-img\">\n                           \t\t<img loading=\"lazy\" decoding=\"async\" width=\"600\" height=\"300\" src=\"https:\/\/coalitionat.qc.ca\/wp-content\/uploads\/2016\/09\/presse-1-2.jpg\" class=\"attachment-full\" alt=\"\" title=\"presse-1-2\" srcset=\"https:\/\/coalitionat.qc.ca\/wp-content\/uploads\/2016\/09\/presse-1-2.jpg 600w, https:\/\/coalitionat.qc.ca\/wp-content\/uploads\/2016\/09\/presse-1-2-300x150.jpg 300w\" sizes=\"auto, (max-width: 600px) 100vw, 600px\" \/>\n                            <\/a>\n                      \t<\/div>\n\t\t\t\t\t\t<div class=\"col-md-8 col-sm-8\"><h3><a href=\"https:\/\/coalitionat.qc.ca\/en\/presse-en\/inclusion-des-identites-et-orientations-sexuelles-du-progres-mais-encore-du-travail-a-faire-en-abitibi-temiscamingue\/\">Inclusion des identit\u00e9s et orientations sexuelles : du progr\u00e8s, mais encore du travail \u00e0 faire en Abitibi-T\u00e9miscamingue<\/a><\/h3><div class=\"meta-data grid-item-meta full-meta-data\"><i class=\"fa fa-calendar\"><\/i> 8 August 2016<i class=\"fa fa-pencil\"><\/i> <a href=\"https:\/\/coalitionat.qc.ca\/en\/author\/coalition\/\">coalitionat.qc.ca<\/a><i class=\"fa fa-folder\"><\/i> <a href=\"https:\/\/coalitionat.qc.ca\/en\/category\/presse-en\/\" class=\"category-links-custom\">Presse<\/a><\/div><div class=\"grid-item-excerpt\"><p>Cathy G\u00e9linas, pr\u00e9sidente de la Coalition d&#8217;aide \u00e0 la communaut\u00e9 LGBT en Abitibi-T\u00e9miscamingue<\/p>\n<p><strong>PHOTO : ICI RADIO-CANADA \/ JO\u00cbL C\u00d4T\u00c9<br \/>\n<\/strong><\/p>\n<p><a class=\"btn btn-primary\" href=\"http:\/\/ici.radio-canada.ca\/regions\/abitibi\/2016\/08\/08\/003-fierte-montreal-droits-gais-lesbiennes-transgenres-abitibi-temiscamingue.shtml?isAutoPlay=1\" target=\"_blank\">Voir l&#8217;article sur Radio Canada<\/a><\/p>\n<\/div>\n\t\t\t\t\t\t<a href=\"https:\/\/coalitionat.qc.ca\/en\/presse-en\/inclusion-des-identites-et-orientations-sexuelles-du-progres-mais-encore-du-travail-a-faire-en-abitibi-temiscamingue\/\" class=\"basic-link\">Read more<\/a>\n\t\t\t\t\t<\/div>\n\t\t\t\t<\/div>\n\t\t\t<\/div><div class=\"blog-list-item format-standard\">\n                        \t<div class=\"row\"><div class=\"col-md-4 col-sm-4\">\n                       \t\t<a href=\"https:\/\/coalitionat.qc.ca\/en\/presse-en\/ou-les-gens-de-la-communaute-lgbt-peuvent-ils-se-rencontrer-en-abitibi-temiscamingue\/\" class=\"media-box grid-featured-img\">\n                           \t\t<img loading=\"lazy\" decoding=\"async\" width=\"600\" height=\"300\" src=\"https:\/\/coalitionat.qc.ca\/wp-content\/uploads\/2016\/09\/presse-1-2.jpg\" class=\"attachment-full\" alt=\"\" title=\"presse-1-2\" srcset=\"https:\/\/coalitionat.qc.ca\/wp-content\/uploads\/2016\/09\/presse-1-2.jpg 600w, https:\/\/coalitionat.qc.ca\/wp-content\/uploads\/2016\/09\/presse-1-2-300x150.jpg 300w\" sizes=\"auto, (max-width: 600px) 100vw, 600px\" \/>\n                            <\/a>\n                      \t<\/div>\n\t\t\t\t\t\t<div class=\"col-md-8 col-sm-8\"><h3><a href=\"https:\/\/coalitionat.qc.ca\/en\/presse-en\/ou-les-gens-de-la-communaute-lgbt-peuvent-ils-se-rencontrer-en-abitibi-temiscamingue\/\">O\u00f9 les gens de la communaut\u00e9 LGBT peuvent-ils se rencontrer en Abitibi-T\u00e9miscamingue?<\/a><\/h3><div class=\"meta-data grid-item-meta full-meta-data\"><i class=\"fa fa-calendar\"><\/i> 3 May 2016<i class=\"fa fa-pencil\"><\/i> <a href=\"https:\/\/coalitionat.qc.ca\/en\/author\/coalition\/\">coalitionat.qc.ca<\/a><i class=\"fa fa-folder\"><\/i> <a href=\"https:\/\/coalitionat.qc.ca\/en\/category\/presse-en\/\" class=\"category-links-custom\">Presse<\/a><\/div><div class=\"grid-item-excerpt\"><p>Cathy G\u00e9linas, pr\u00e9sidente de la Coalition d&#8217;aide \u00e0 la communaut\u00e9 LGBT en Abitibi-T\u00e9miscamingue<\/p>\n<p><strong>PHOTO : ICI RADIO-CANADA \/ JO\u00cbL C\u00d4T\u00c9<\/strong><\/p>\n<p><a class=\"btn btn-primary\" href=\"http:\/\/ici.radio-canada.ca\/regions\/abitibi\/2016\/05\/03\/002-lieux-rencontre-communaute-lgbt-abitibi-temiscamingue.shtml?isAutoPlay=1\" target=\"_blank\">Voir l&#8217;article sur Radio Canada<\/a><\/p>\n<\/div>\n\t\t\t\t\t\t<a href=\"https:\/\/coalitionat.qc.ca\/en\/presse-en\/ou-les-gens-de-la-communaute-lgbt-peuvent-ils-se-rencontrer-en-abitibi-temiscamingue\/\" class=\"basic-link\">Read more<\/a>\n\t\t\t\t\t<\/div>\n\t\t\t\t<\/div>\n\t\t\t<\/div><div class=\"blog-list-item format-standard\">\n                        \t<div class=\"row\"><div class=\"col-md-4 col-sm-4\">\n                       \t\t<a href=\"https:\/\/coalitionat.qc.ca\/en\/presse-en\/des-jouets-pour-garcons-des-jouets-pour-filles-vraiment\/\" class=\"media-box grid-featured-img\">\n                           \t\t<img loading=\"lazy\" decoding=\"async\" width=\"600\" height=\"300\" src=\"https:\/\/coalitionat.qc.ca\/wp-content\/uploads\/2016\/09\/presse-4.jpg\" class=\"attachment-full\" alt=\"\" title=\"presse-4\" srcset=\"https:\/\/coalitionat.qc.ca\/wp-content\/uploads\/2016\/09\/presse-4.jpg 600w, https:\/\/coalitionat.qc.ca\/wp-content\/uploads\/2016\/09\/presse-4-300x150.jpg 300w\" sizes=\"auto, (max-width: 600px) 100vw, 600px\" \/>\n                            <\/a>\n                      \t<\/div>\n\t\t\t\t\t\t<div class=\"col-md-8 col-sm-8\"><h3><a href=\"https:\/\/coalitionat.qc.ca\/en\/presse-en\/des-jouets-pour-garcons-des-jouets-pour-filles-vraiment\/\">Des jouets pour gar\u00e7ons, des jouets pour filles&#8230; vraiment?<\/a><\/h3><div class=\"meta-data grid-item-meta full-meta-data\"><i class=\"fa fa-calendar\"><\/i> 29 November 2015<i class=\"fa fa-pencil\"><\/i> <a href=\"https:\/\/coalitionat.qc.ca\/en\/author\/coalition\/\">coalitionat.qc.ca<\/a><i class=\"fa fa-folder\"><\/i> <a href=\"https:\/\/coalitionat.qc.ca\/en\/category\/presse-en\/\" class=\"category-links-custom\">Presse<\/a><\/div><div class=\"grid-item-excerpt\"><p>Les st\u00e9r\u00e9otypes de genres commencent d\u00e8s la petite enfance, selon la Coalition LGBT de l&#8217;Abitibi-T\u00e9miscamingue<\/p>\n<p><strong>PHOTO : ICI RADIO-CANADA\/\u00c9M\u00c9LIE RIVARD-BOUDREAU<\/strong><\/p>\n<p><a class=\"btn btn-primary\" href=\"http:\/\/ici.radio-canada.ca\/regions\/abitibi\/2015\/11\/29\/003-coalition-gais-lesbiennes-bisuexuel-abitibi-temiscamingue-jouets-enfants-garcons-filles-genres.shtml\" target=\"_blank\">Voir l&#8217;article sur Radio Canada<\/a><\/p>\n<\/div>\n\t\t\t\t\t\t<a href=\"https:\/\/coalitionat.qc.ca\/en\/presse-en\/des-jouets-pour-garcons-des-jouets-pour-filles-vraiment\/\" class=\"basic-link\">Read more<\/a>\n\t\t\t\t\t<\/div>\n\t\t\t\t<\/div>\n\t\t\t<\/div><div class=\"blog-list-item format-standard\">\n                        \t<div class=\"row\"><div class=\"col-md-4 col-sm-4\">\n                       \t\t<a href=\"https:\/\/coalitionat.qc.ca\/en\/presse-en\/etre-transgenre-en-abitibi-temiscamingue\/\" class=\"media-box grid-featured-img\">\n                           \t\t<img loading=\"lazy\" decoding=\"async\" width=\"600\" height=\"300\" src=\"https:\/\/coalitionat.qc.ca\/wp-content\/uploads\/2016\/09\/presse-3.jpg\" class=\"attachment-full\" alt=\"\" title=\"presse-3\" srcset=\"https:\/\/coalitionat.qc.ca\/wp-content\/uploads\/2016\/09\/presse-3.jpg 600w, https:\/\/coalitionat.qc.ca\/wp-content\/uploads\/2016\/09\/presse-3-300x150.jpg 300w\" sizes=\"auto, (max-width: 600px) 100vw, 600px\" \/>\n                            <\/a>\n                      \t<\/div>\n\t\t\t\t\t\t<div class=\"col-md-8 col-sm-8\"><h3><a href=\"https:\/\/coalitionat.qc.ca\/en\/presse-en\/etre-transgenre-en-abitibi-temiscamingue\/\">\u00catre transgenre en Abitibi-T\u00e9miscamingue<\/a><\/h3><div class=\"meta-data grid-item-meta full-meta-data\"><i class=\"fa fa-calendar\"><\/i> 16 July 2015<i class=\"fa fa-pencil\"><\/i> <a href=\"https:\/\/coalitionat.qc.ca\/en\/author\/thomasjulien\/\">CC Consultants<\/a><i class=\"fa fa-folder\"><\/i> <a href=\"https:\/\/coalitionat.qc.ca\/en\/category\/presse-en\/\" class=\"category-links-custom\">Presse<\/a><\/div><div class=\"grid-item-excerpt\"><p>Cathy G\u00e9linas, pr\u00e9sidente de la Coalition d&#8217;aide aux gais et lesbiennes d&#8217;Abitibi-T\u00e9miscamingue, et Philippe Dupuis, transgenre<\/p>\n<p><a class=\"btn btn-primary\" href=\"http:\/\/ici.radio-canada.ca\/regions\/abitibi\/2015\/07\/07\/007-transgenre-coalition-daide-gais-lesbiennes-abitibi-temiscamingue.shtml\" target=\"_blank\">Voir l&#8217;article sur Radio Canada<\/a><\/p>\n<\/div>\n\t\t\t\t\t\t<a href=\"https:\/\/coalitionat.qc.ca\/en\/presse-en\/etre-transgenre-en-abitibi-temiscamingue\/\" class=\"basic-link\">Read more<\/a>\n\t\t\t\t\t<\/div>\n\t\t\t\t<\/div>\n\t\t\t<\/div><div class=\"blog-list-item format-standard\">\n                        \t<div class=\"row\"><div class=\"col-md-4 col-sm-4\">\n                       \t\t<a href=\"https:\/\/coalitionat.qc.ca\/en\/presse-en\/la-communaute-lgbt-a-sa-place-en-abitibi-temiscamingue\/\" class=\"media-box grid-featured-img\">\n                           \t\t<img loading=\"lazy\" decoding=\"async\" width=\"600\" height=\"300\" src=\"https:\/\/coalitionat.qc.ca\/wp-content\/uploads\/2015\/05\/presse-5-6.jpg\" class=\"attachment-full\" alt=\"\" title=\"presse-5-6\" srcset=\"https:\/\/coalitionat.qc.ca\/wp-content\/uploads\/2015\/05\/presse-5-6.jpg 600w, https:\/\/coalitionat.qc.ca\/wp-content\/uploads\/2015\/05\/presse-5-6-300x150.jpg 300w\" sizes=\"auto, (max-width: 600px) 100vw, 600px\" \/>\n                            <\/a>\n                      \t<\/div>\n\t\t\t\t\t\t<div class=\"col-md-8 col-sm-8\"><h3><a href=\"https:\/\/coalitionat.qc.ca\/en\/presse-en\/la-communaute-lgbt-a-sa-place-en-abitibi-temiscamingue\/\">La communaut\u00e9 LGBT a sa place en Abitibi-T\u00e9miscamingue<\/a><\/h3><div class=\"meta-data grid-item-meta full-meta-data\"><i class=\"fa fa-calendar\"><\/i> 30 May 2015<i class=\"fa fa-pencil\"><\/i> <a href=\"https:\/\/coalitionat.qc.ca\/en\/author\/coalition\/\">coalitionat.qc.ca<\/a><i class=\"fa fa-folder\"><\/i> <a href=\"https:\/\/coalitionat.qc.ca\/en\/category\/presse-en\/\" class=\"category-links-custom\">Presse<\/a><\/div><div class=\"grid-item-excerpt\"><p>Coalition d&#8217;aide \u00e0 la diversit\u00e9 sexuelle de l&#8217;Abitibi-Temiscamingue<\/p>\n<p><a class=\"btn btn-primary\" href=\"http:\/\/ici.radio-canada.ca\/regions\/abitibi\/2015\/05\/30\/003-colloque-lgbt-2015-rouyn-noranda-gais-lesbiennes-bisexuels-transgenres.shtml\" target=\"_blank\">Voir l&#8217;article sur Radio-Canada<\/a><\/p>\n<\/div>\n\t\t\t\t\t\t<a href=\"https:\/\/coalitionat.qc.ca\/en\/presse-en\/la-communaute-lgbt-a-sa-place-en-abitibi-temiscamingue\/\" class=\"basic-link\">Read more<\/a>\n\t\t\t\t\t<\/div>\n\t\t\t\t<\/div>\n\t\t\t<\/div><div class=\"blog-list-item format-standard\">\n                        \t<div class=\"row\"><div class=\"col-md-4 col-sm-4\">\n                       \t\t<a href=\"https:\/\/coalitionat.qc.ca\/en\/presse-en\/des-ateliers-de-sensibilisation-a-la-diversite-sexuelle-dans-les-entreprises-de-la-region\/\" class=\"media-box grid-featured-img\">\n                           \t\t<img loading=\"lazy\" decoding=\"async\" width=\"600\" height=\"300\" src=\"https:\/\/coalitionat.qc.ca\/wp-content\/uploads\/2015\/05\/presse-5-6.jpg\" class=\"attachment-full\" alt=\"\" title=\"presse-5-6\" srcset=\"https:\/\/coalitionat.qc.ca\/wp-content\/uploads\/2015\/05\/presse-5-6.jpg 600w, https:\/\/coalitionat.qc.ca\/wp-content\/uploads\/2015\/05\/presse-5-6-300x150.jpg 300w\" sizes=\"auto, (max-width: 600px) 100vw, 600px\" \/>\n                            <\/a>\n                      \t<\/div>\n\t\t\t\t\t\t<div class=\"col-md-8 col-sm-8\"><h3><a href=\"https:\/\/coalitionat.qc.ca\/en\/presse-en\/des-ateliers-de-sensibilisation-a-la-diversite-sexuelle-dans-les-entreprises-de-la-region\/\">Des ateliers de sensibilisation \u00e0 la diversit\u00e9 sexuelle dans les entreprises de la r\u00e9gion<\/a><\/h3><div class=\"meta-data grid-item-meta full-meta-data\"><i class=\"fa fa-calendar\"><\/i> 9 December 2013<i class=\"fa fa-pencil\"><\/i> <a href=\"https:\/\/coalitionat.qc.ca\/en\/author\/coalition\/\">coalitionat.qc.ca<\/a><i class=\"fa fa-folder\"><\/i> <a href=\"https:\/\/coalitionat.qc.ca\/en\/category\/presse-en\/\" class=\"category-links-custom\">Presse<\/a><\/div><div class=\"grid-item-excerpt\"><p>Coalition d\u2019aide \u00e0 la diversit\u00e9 sexuelle de l\u2019Abitibi-Temiscamingue<\/p>\n<p><a class=\"btn btn-primary href=\" href=\"http:\/\/ici.radio-canada.ca\/regions\/abitibi\/2013\/12\/09\/003-formations-diversite-sexuelle.shtml\" target=\"_blank\" rel=\"noopener\">Voir l&#8217;article sur Radio Canada<\/a><\/p>\n<\/div>\n\t\t\t\t\t\t<a href=\"https:\/\/coalitionat.qc.ca\/en\/presse-en\/des-ateliers-de-sensibilisation-a-la-diversite-sexuelle-dans-les-entreprises-de-la-region\/\" class=\"basic-link\">Read more<\/a>\n\t\t\t\t\t<\/div>\n\t\t\t\t<\/div>\n\t\t\t<\/div><\/div><div class=\"spacer-10\"><\/div>[\/vc_column][\/vc_row]<\/p>\n<\/section>","protected":false},"excerpt":{"rendered":"<p>[vc_row][vc_column][\/vc_column][\/vc_row]<\/p>\n","protected":false},"author":1,"featured_media":0,"parent":0,"menu_order":0,"comment_status":"closed","ping_status":"closed","template":"","meta":{"inline_featured_image":false,"footnotes":""},"class_list":["post-2223","page","type-page","status-publish","hentry"],"aioseo_notices":[],"_links":{"self":[{"href":"https:\/\/coalitionat.qc.ca\/en\/wp-json\/wp\/v2\/pages\/2223","targetHints":{"allow":["GET"]}}],"collection":[{"href":"https:\/\/coalitionat.qc.ca\/en\/wp-json\/wp\/v2\/pages"}],"about":[{"href":"https:\/\/coalitionat.qc.ca\/en\/wp-json\/wp\/v2\/types\/page"}],"author":[{"embeddable":true,"href":"https:\/\/coalitionat.qc.ca\/en\/wp-json\/wp\/v2\/users\/1"}],"replies":[{"embeddable":true,"href":"https:\/\/coalitionat.qc.ca\/en\/wp-json\/wp\/v2\/comments?post=2223"}],"version-history":[{"count":0,"href":"https:\/\/coalitionat.qc.ca\/en\/wp-json\/wp\/v2\/pages\/2223\/revisions"}],"wp:attachment":[{"href":"https:\/\/coalitionat.qc.ca\/en\/wp-json\/wp\/v2\/media?parent=2223"}],"curies":[{"name":"wp","href":"https:\/\/api.w.org\/{rel}","templated":true}]}}