{"id":2233,"date":"2016-09-06T11:47:14","date_gmt":"2016-09-06T15:47:14","guid":{"rendered":"http:\/\/www.coalitionat.qc.ca\/ressources-daide\/"},"modified":"2018-05-07T10:10:11","modified_gmt":"2018-05-07T14:10:11","slug":"assistance-resources","status":"publish","type":"page","link":"https:\/\/coalitionat.qc.ca\/en\/assistance-resources\/","title":{"rendered":"Assistance resources"},"content":{"rendered":"<section class=\"wpb-content-wrapper\"><p>[vc_row equal_height=&#8221;yes&#8221; content_placement=&#8221;middle&#8221;][vc_column][vc_column_text]<\/p>\n<p class=\"cta\" style=\"text-align: center;\">Need a helping hand, it\u2019s normal, do not hesitate to contact us.<br \/>\nThe Coalition relies on an ally network throughout the region.<br \/>\nProfessionals trained to help you when needed.<\/p>\n<p>[\/vc_column_text][vc_empty_space][vc_column_text]<\/p>\n<div class=\"icon-box ibox-border ibox-center \">\n<div class=\"ibox-icon\"><i class=\"fa fa-question\"><\/i><\/div>\n<h3>Who do I contact?<\/h3>\n<p>According to your needs, many persons or organizations in the region or elsewhere in the province can be contacted.<\/p>\n<\/div>\n<p>[\/vc_column_text][vc_empty_space height=&#8221;25px&#8221;][\/vc_column][\/vc_row][vc_row full_width=&#8221;stretch_row&#8221; gap=&#8221;15&#8243; css=&#8221;.vc_custom_1473357385000{padding-top: 50px !important;padding-bottom: 50px !important;background-color: #d6de23 !important;}&#8221;][vc_column width=&#8221;1\/3&#8243; css=&#8221;.vc_custom_1473357486222{padding-top: 35px !important;padding-right: 10px !important;padding-left: 10px !important;background-color: #ffffff !important;}&#8221;][vc_column_text]<\/p>\n<p style=\"text-align: center;\"><span class=\"soustitre\"><b>Interligne<\/b><br \/>\n<\/span><a href=\"http:\/\/interligne.co\">http:\/\/interligne.co<\/a><br \/>\n1 888 505-1010<\/p>\n<p>[\/vc_column_text][\/vc_column][vc_column width=&#8221;1\/3&#8243; css=&#8221;.vc_custom_1473357497550{padding-top: 35px !important;padding-right: 10px !important;padding-left: 10px !important;background-color: #ffffff !important;}&#8221;][vc_column_text]<\/p>\n<p style=\"text-align: center;\"><strong>SUICIDE PREVENTION LINE<br \/>\n<\/strong><a title=\"Site Association qu\u00e9b\u00e9coise de la pr\u00e9vention du suicide\" href=\"http:\/\/www.aqps.info\" target=\"_blank\" rel=\"noopener\">www.aqps.info<\/a><br \/>\n1 866 277-3553<\/p>\n<p>[\/vc_column_text][\/vc_column][vc_column width=&#8221;1\/3&#8243; css=&#8221;.vc_custom_1473357502955{padding-top: 35px !important;padding-right: 10px !important;padding-left: 10px !important;background-color: #ffffff !important;}&#8221;][vc_column_text]<\/p>\n<p style=\"text-align: center;\"><strong>TEL JEUNES<\/strong><br \/>\n<a title=\"Site de Tel-jeunes\" href=\"http:\/\/www.teljeunes.com\" target=\"_blank\" rel=\"noopener\">www.teljeunes.com<\/a><br \/>\n1 800 263-2266<\/p>\n<p>[\/vc_column_text][\/vc_column][\/vc_row][vc_row][vc_column][vc_empty_space height=&#8221;25px&#8221;][vc_column_text]<\/p>\n<h2 style=\"text-align: center;\">Regional resources<\/h2>\n<p>[\/vc_column_text][\/vc_column][\/vc_row][vc_row][vc_column][vc_column_text]<\/p>\n<h3 style=\"text-align: center;\"><span style=\"color: #d6de23;\"><a style=\"color: #d6de23;\" href=\"https:\/\/coalitionat.qc.ca\/en\/assistance-resources\/amos-and-the-surrounding-areas\/\" target=\"_blank\" rel=\"noopener\">Amos and the surrounding areas<\/a><\/span><\/h3>\n<p>[\/vc_column_text][\/vc_column][\/vc_row][vc_row][vc_column][vc_separator el_width=&#8221;50&#8243;][\/vc_column][\/vc_row][vc_row][vc_column][vc_column_text]<\/p>\n<h3 style=\"text-align: center;\"><span style=\"color: #d6de23;\"><a style=\"color: #d6de23;\" href=\"https:\/\/coalitionat.qc.ca\/en\/assistance-resources\/la-sarre-and-the-surrounding-areas\/\" target=\"_blank\" rel=\"noopener\">La Sarre and the surrounding areas<\/a><\/span><\/h3>\n<p>[\/vc_column_text][\/vc_column][\/vc_row][vc_row][vc_column][vc_separator el_width=&#8221;50&#8243;][\/vc_column][\/vc_row][vc_row][vc_column][vc_column_text]<\/p>\n<h3 style=\"text-align: center;\"><span style=\"color: #d6de23;\"><a style=\"color: #d6de23;\" href=\"https:\/\/coalitionat.qc.ca\/en\/assistance-resources\/rouyn-noranda-and-the-surrounding-areas\/\" target=\"_blank\" rel=\"noopener\">Rouyn-Noranda and the surrounding areas<\/a><\/span><\/h3>\n<p>[\/vc_column_text][\/vc_column][\/vc_row][vc_row][vc_column][vc_separator el_width=&#8221;50&#8243;][\/vc_column][\/vc_row][vc_row][vc_column][vc_column_text]<\/p>\n<h3 style=\"text-align: center;\"><span style=\"color: #d6de23;\"><a style=\"color: #d6de23;\" href=\"https:\/\/coalitionat.qc.ca\/en\/assistance-resources\/val-dor-and-the-surrounding-areas\/\" target=\"_blank\" rel=\"noopener\">Val-d\u2019Or and the surrounding areas<\/a><\/span><\/h3>\n<p>[\/vc_column_text][\/vc_column][\/vc_row][vc_row][vc_column][vc_separator el_width=&#8221;50&#8243;][\/vc_column][\/vc_row][vc_row][vc_column][vc_column_text]<\/p>\n<h3 style=\"text-align: center;\"><span style=\"color: #d6de23;\"><a style=\"color: #d6de23;\" href=\"https:\/\/coalitionat.qc.ca\/en\/assistance-resources\/in-temiscamingue\/\" target=\"_blank\" rel=\"noopener\">In Temiscamingue<\/a><\/span><\/h3>\n<p>[\/vc_column_text][\/vc_column][\/vc_row][vc_row][vc_column][vc_separator el_width=&#8221;50&#8243;][\/vc_column][\/vc_row][vc_row][vc_column][vc_column_text]<\/p>\n<h3 style=\"text-align: center;\"><span style=\"color: #d6de23;\"><a style=\"color: #d6de23;\" href=\"https:\/\/coalitionat.qc.ca\/en\/assistance-resources\/in-james-bay\/\" target=\"_blank\" rel=\"noopener\">In James Bay<\/a><\/span><\/h3>\n<p>[\/vc_column_text][\/vc_column][\/vc_row]<\/p>\n<\/section>","protected":false},"excerpt":{"rendered":"<p>[vc_row equal_height=&#8221;yes&#8221; content_placement=&#8221;middle&#8221;][vc_column][vc_column_text] Need a helping hand, it\u2019s normal, do not hesitate to contact us. The Coalition relies on an ally network throughout the region. Professionals trained to help you when needed. [\/vc_column_text][vc_empty_space][vc_column_text] Who do I contact? According to your needs, many persons or organizations in the region or elsewhere in the province can be contacted. [\/vc_column_text][vc_empty_space height=&#8221;25px&#8221;][\/vc_column][\/vc_row][vc_row full_width=&#8221;stretch_row&#8221; gap=&#8221;15&#8243; css=&#8221;.vc_custom_1473357385000{padding-top: 50px !important;padding-bottom: 50px !important;background-color: #d6de23 !important;}&#8221;][vc_column width=&#8221;1\/3&#8243; css=&#8221;.vc_custom_1473357486222{padding-top: 35px !important;padding-right: 10px !important;padding-left: 10px !important;background-color: #ffffff !important;}&#8221;][vc_column_text] Interligne http:\/\/interligne.co 1 888 505-1010 [\/vc_column_text][\/vc_column][vc_column width=&#8221;1\/3&#8243; css=&#8221;.vc_custom_1473357497550{padding-top: 35px !important;padding-right: 10px !important;padding-left: 10px !important;background-color: #ffffff !important;}&#8221;][vc_column_text] SUICIDE PREVENTION LINE www.aqps.info 1 866 277-3553 [\/vc_column_text][\/vc_column][vc_column width=&#8221;1\/3&#8243; css=&#8221;.vc_custom_1473357502955{padding-top: 35px !important;padding-right: 10px !important;padding-left: 10px !important;background-color: #ffffff !important;}&#8221;][vc_column_text] TEL JEUNES www.teljeunes.com 1 800 263-2266 [\/vc_column_text][\/vc_column][\/vc_row][vc_row][vc_column][vc_empty_space height=&#8221;25px&#8221;][vc_column_text] Regional resources [\/vc_column_text][\/vc_column][\/vc_row][vc_row][vc_column][vc_column_text] Amos and the surrounding areas [\/vc_column_text][\/vc_column][\/vc_row][vc_row][vc_column][vc_separator el_width=&#8221;50&#8243;][\/vc_column][\/vc_row][vc_row][vc_column][vc_column_text] La Sarre and the surrounding areas [\/vc_column_text][\/vc_column][\/vc_row][vc_row][vc_column][vc_separator el_width=&#8221;50&#8243;][\/vc_column][\/vc_row][vc_row][vc_column][vc_column_text] Rouyn-Noranda and the surrounding areas [\/vc_column_text][\/vc_column][\/vc_row][vc_row][vc_column][vc_separator el_width=&#8221;50&#8243;][\/vc_column][\/vc_row][vc_row][vc_column][vc_column_text] Val-d\u2019Or and the surrounding areas [\/vc_column_text][\/vc_column][\/vc_row][vc_row][vc_column][vc_separator el_width=&#8221;50&#8243;][\/vc_column][\/vc_row][vc_row][vc_column][vc_column_text] In Temiscamingue [\/vc_column_text][\/vc_column][\/vc_row][vc_row][vc_column][vc_separator el_width=&#8221;50&#8243;][\/vc_column][\/vc_row][vc_row][vc_column][vc_column_text] In James Bay [\/vc_column_text][\/vc_column][\/vc_row]<\/p>\n","protected":false},"author":1,"featured_media":0,"parent":0,"menu_order":0,"comment_status":"closed","ping_status":"closed","template":"","meta":{"inline_featured_image":false,"footnotes":""},"class_list":["post-2233","page","type-page","status-publish","hentry"],"aioseo_notices":[],"_links":{"self":[{"href":"https:\/\/coalitionat.qc.ca\/en\/wp-json\/wp\/v2\/pages\/2233","targetHints":{"allow":["GET"]}}],"collection":[{"href":"https:\/\/coalitionat.qc.ca\/en\/wp-json\/wp\/v2\/pages"}],"about":[{"href":"https:\/\/coalitionat.qc.ca\/en\/wp-json\/wp\/v2\/types\/page"}],"author":[{"embeddable":true,"href":"https:\/\/coalitionat.qc.ca\/en\/wp-json\/wp\/v2\/users\/1"}],"replies":[{"embeddable":true,"href":"https:\/\/coalitionat.qc.ca\/en\/wp-json\/wp\/v2\/comments?post=2233"}],"version-history":[{"count":0,"href":"https:\/\/coalitionat.qc.ca\/en\/wp-json\/wp\/v2\/pages\/2233\/revisions"}],"wp:attachment":[{"href":"https:\/\/coalitionat.qc.ca\/en\/wp-json\/wp\/v2\/media?parent=2233"}],"curies":[{"name":"wp","href":"https:\/\/api.w.org\/{rel}","templated":true}]}}