{"id":2245,"date":"2016-09-06T09:58:50","date_gmt":"2016-09-06T13:58:50","guid":{"rendered":"http:\/\/www.coalitionat.qc.ca\/conseil-dadministration\/"},"modified":"2019-07-09T14:49:55","modified_gmt":"2019-07-09T18:49:55","slug":"management-board","status":"publish","type":"page","link":"https:\/\/coalitionat.qc.ca\/en\/the-coalition\/management-board\/","title":{"rendered":"Management Board"},"content":{"rendered":"<section class=\"wpb-content-wrapper\"><p>[vc_row][vc_column]<div class=\"\"><ul class=\"isotope-grid team-custom-grid \"><li class=\"grid-item team-custom-grid-item  format-standard\" style=\"width:30.3333%\">\n\t\t\t<div class=\"grid-staff-item \">\n\t\t\t\t\t\t\t<div class=\"grid-item-inner\"><div class=\"grid-item-content\"><h3 class=\"margin-5\">Julie-Anne Naud<\/h3><span class=\"meta-data margin-20\">President<\/span><p>Member of the Coalition since 2019<\/p>\n<p>Social Worker<\/p>\n<\/div><\/div><\/div><\/li><li class=\"grid-item team-custom-grid-item  format-standard\" style=\"width:30.3333%\">\n\t\t\t<div class=\"grid-staff-item \">\n\t\t\t\t\t\t\t<div class=\"grid-item-inner\"><div class=\"grid-item-content\"><h3 class=\"margin-5\">Ilana C\u00f4t\u00e9-Leblond<\/h3><span class=\"meta-data margin-20\">Vice President<\/span><p>Member of the Coalition since 2019<\/p>\n<p>&nbsp;<\/p>\n<\/div><\/div><\/div><\/li><li class=\"grid-item team-custom-grid-item  format-standard\" style=\"width:30.3333%\">\n\t\t\t<div class=\"grid-staff-item \">\n\t\t\t\t\t\t\t<div class=\"grid-item-inner\"><div class=\"grid-item-content\"><h3 class=\"margin-5\">Vincent Lemoyne<\/h3><span class=\"meta-data margin-20\">Secretary and Treasurer<\/span><p>Member of the Coalition since 2018<\/p>\n<p>Accounting clerk<\/p>\n<\/div><\/div><\/div><\/li><li class=\"grid-item team-custom-grid-item  format-standard\" style=\"width:30.3333%\">\n\t\t\t<div class=\"grid-staff-item \">\n\t\t\t\t\t\t\t<div class=\"grid-item-inner\"><div class=\"grid-item-content\"><h3 class=\"margin-5\">Maxime Blanchette<\/h3><span class=\"meta-data margin-20\">Administrator<\/span><p>Member of the Coalition since 2020<\/p>\n<p>Teacher in Social Working<\/p>\n<\/div><\/div><\/div><\/li><li class=\"grid-item team-custom-grid-item  format-standard\" style=\"width:30.3333%\">\n\t\t\t<div class=\"grid-staff-item \">\n\t\t\t\t\t\t\t<div class=\"grid-item-inner\"><div class=\"grid-item-content\"><h3 class=\"margin-5\">Zo\u00e9 Gagnon<\/h3><span class=\"meta-data margin-20\">Administrator<\/span><p>Member of the Coalition since 2020<\/p>\n<p>&nbsp;<\/p>\n<\/div><\/div><\/div><\/li><li class=\"grid-item team-custom-grid-item  format-standard\" style=\"width:30.3333%\">\n\t\t\t<div class=\"grid-staff-item \">\n\t\t\t\t\t\t\t<div class=\"grid-item-inner\"><div class=\"grid-item-content\"><h3 class=\"margin-5\">C\u00e9drick L\u00e9veill\u00e9<\/h3><span class=\"meta-data margin-20\">Administrator<\/span><p>Member of the Coalition since 2021<\/p>\n<p>Accounting student<\/p>\n<\/div><\/div><\/div><\/li><li class=\"grid-item team-custom-grid-item  format-standard\" style=\"width:30.3333%\">\n\t\t\t<div class=\"grid-staff-item \">\n\t\t\t\t\t\t\t<div class=\"grid-item-inner\"><div class=\"grid-item-content\"><h3 class=\"margin-5\">Lucie Savard<\/h3><span class=\"meta-data margin-20\">Administrator<\/span><p>Member of the Coalition since 2020<\/p>\n<p>Social Worker<\/p>\n<\/div><\/div><\/div><\/li><\/ul><\/div>[\/vc_column][\/vc_row]<\/p>\n<\/section>","protected":false},"excerpt":{"rendered":"<p>[vc_row][vc_column][\/vc_column][\/vc_row]<\/p>\n","protected":false},"author":1,"featured_media":0,"parent":2247,"menu_order":0,"comment_status":"closed","ping_status":"closed","template":"","meta":{"inline_featured_image":false,"footnotes":""},"class_list":["post-2245","page","type-page","status-publish","hentry"],"aioseo_notices":[],"_links":{"self":[{"href":"https:\/\/coalitionat.qc.ca\/en\/wp-json\/wp\/v2\/pages\/2245","targetHints":{"allow":["GET"]}}],"collection":[{"href":"https:\/\/coalitionat.qc.ca\/en\/wp-json\/wp\/v2\/pages"}],"about":[{"href":"https:\/\/coalitionat.qc.ca\/en\/wp-json\/wp\/v2\/types\/page"}],"author":[{"embeddable":true,"href":"https:\/\/coalitionat.qc.ca\/en\/wp-json\/wp\/v2\/users\/1"}],"replies":[{"embeddable":true,"href":"https:\/\/coalitionat.qc.ca\/en\/wp-json\/wp\/v2\/comments?post=2245"}],"version-history":[{"count":0,"href":"https:\/\/coalitionat.qc.ca\/en\/wp-json\/wp\/v2\/pages\/2245\/revisions"}],"up":[{"embeddable":true,"href":"https:\/\/coalitionat.qc.ca\/en\/wp-json\/wp\/v2\/pages\/2247"}],"wp:attachment":[{"href":"https:\/\/coalitionat.qc.ca\/en\/wp-json\/wp\/v2\/media?parent=2245"}],"curies":[{"name":"wp","href":"https:\/\/api.w.org\/{rel}","templated":true}]}}